{"id":134,"date":"2019-01-15T19:31:09","date_gmt":"2019-01-15T21:31:09","guid":{"rendered":"http:\/\/localhost\/wp\/?page_id=134"},"modified":"2019-01-15T19:31:09","modified_gmt":"2019-01-15T21:31:09","slug":"visao-geral","status":"publish","type":"page","link":"https:\/\/bonettiassociados.com.br\/index.php\/visao-geral\/","title":{"rendered":"Vis\u00e3o Geral"},"content":{"rendered":"\n<h3 class=\"wp-block-heading\">CONSULTORIA TRIBUT\u00c1RIA<\/h3>\n\n\n\n<p>&#8211; Ap\u00f3s um diagn\u00f3stico tribut\u00e1rio e entendimento das principais opera\u00e7\u00f5es da empresa, s\u00e3o identificadas as potencialidades e necessidades tribut\u00e1rias, com o intuito de reduzir sua carga tribut\u00e1ria, seja atrav\u00e9s de um planejamento tribut\u00e1rio, por meio de consultoria e assessoria na correta apura\u00e7\u00e3o dos tributos, ou na identifica\u00e7\u00e3o e recupera\u00e7\u00e3o de cr\u00e9ditos Federal, Estadual e Municipal, que n\u00e3o estejam sendo aproveitados pela empresa, na possibilidade de restitui\u00e7\u00e3o, ressarcimento e\/ou compensa\u00e7\u00e3o de tributos, bem como a inclus\u00e3o em programas de incentivos, parcelamentos, elimina\u00e7\u00f5es de conting\u00eancias, gerenciamento do passivo tribut\u00e1rio, etc. A Bonetti &amp; Associados se utiliza de pr\u00e1ticas atualizadas e personalizadas para criar solu\u00e7\u00f5es inovadoras e de excelente qualidade na entrega dos servi\u00e7os contratados pelos clientes visando minimizar o gasto com tributos;<\/p>\n\n\n\n<p>&#8211; Recupera\u00e7\u00e3o e Levantamento de cr\u00e9dito Tribut\u00e1rio;<\/p>\n\n\n\n<p>&#8211; An\u00e1lise das opera\u00e7\u00f5es praticadas pela empresa nos \u00faltimos 5(cinco) anos, que possibilitem a identifica\u00e7\u00e3o e o aproveitamento de cr\u00e9ditos tribut\u00e1rios nas esferas Federal, Estadual e Municipal, priorizando a esfera administrativa (Processo Administrativo Fiscal &#8211; PAF), compensando-os com os d\u00e9bitos vincendos \/ou vencidos, conforme prev\u00ea a legisla\u00e7\u00e3o tribut\u00e1ria;<\/p>\n\n\n\n<p>&#8211; Revis\u00e3o de cr\u00e9dito &#8211; Revis\u00e3o dos procedimentos adotados no levantamento de cr\u00e9ditos tribut\u00e1rios, com objetivo de identificar sua adequa\u00e7\u00e3o \u00e0 legisla\u00e7\u00e3o tribut\u00e1ria;<\/p>\n\n\n\n<p>&#8211; Assessoria Fiscal Permanente;<\/p>\n\n\n\n<p>&#8211; Assessoria preventiva peri\u00f3dica, visando \u00e0 revis\u00e3o dos procedimentos adotados para o cumprimento das obriga\u00e7\u00f5es tribut\u00e1rias, trabalhistas e previdenci\u00e1rias, principais e acess\u00f3rias, mediante comunica\u00e7\u00e3o direta com cliente, mantendo-o atualizado sobre a legisla\u00e7\u00e3o e esclarecendo d\u00favidas com rela\u00e7\u00e3o \u00e0 sua aplicabilidade;<\/p>\n\n\n\n<p>&#8211; Diagn\u00f3stico Fiscal;<\/p>\n\n\n\n<p>&#8211; An\u00e1lise e mapeamento das principais opera\u00e7\u00f5es praticadas pela empresa, para identificar alternativas para a otimiza\u00e7\u00e3o da carga tribut\u00e1ria, identifica\u00e7\u00e3o de cr\u00e9ditos e d\u00e9bitos e orienta\u00e7\u00e3o para a corre\u00e7\u00e3o de eventuais irregularidades apontadas;<\/p>\n\n\n\n<p>&#8211; Auditoria Fiscal &#8211; Tributos Diretos e Indiretos;<\/p>\n\n\n\n<p>&#8211; Revis\u00e3o preventiva dos procedimentos fiscais adotados pela empresa na escritura\u00e7\u00e3o de documentos fiscais, no preenchimento das obriga\u00e7\u00f5es principais e acess\u00f3rias (DIPJ, DACON, DCTF, PERD\/COMP), com objetivo de identificar e corrigir eventuais procedimentos inadequados, que possam resultar em questionamentos ou auto de infra\u00e7\u00e3o, por parte das autoridades fiscalizadoras Federais, Estaduais e Municipais;<\/p>\n\n\n\n<p>&#8211; Due Diligence;<\/p>\n\n\n\n<p>&#8211; Revis\u00e3o dos procedimentos fiscais para identificar passivos e ativos contingentes fiscais, trabalhistas e previdenci\u00e1rios, nos casos de fus\u00f5es, cis\u00f5es e incorpora\u00e7\u00f5es, nas aquisi\u00e7\u00f5es entre empresas;<\/p>\n\n\n\n<h3 class=\"wp-block-heading\">RECURSOS HUMANOS E GEST\u00c3O DE PESSOAS<\/h3>\n\n\n\n<p>&#8211; Assessoramento, recrutamento e sele\u00e7\u00e3o;<br>&#8211; Aloca\u00e7\u00e3o e administra\u00e7\u00e3o de colaboradores;<br>&#8211; Treinamento; <br><\/p>\n\n\n\n<h3 class=\"wp-block-heading\">ASSESSORIA JUR\u00cdDICA<\/h3>\n\n\n\n<p>&#8211; Assessoria jur\u00eddica empresarial (Tribut\u00e1ria, Civil, Trabalhista e Societ\u00e1ria);<br>&#8211; Elabora\u00e7\u00e3o de defesas\/recursos Administrativos ou Judiciais e acompanhamento Processual;<\/p>\n\n\n\n<h3 class=\"wp-block-heading\">ASSESSORIA PREVIDENCI\u00c1RIA<\/h3>\n\n\n\n<p>&#8211; Assessoria administrativa e jur\u00eddica sobre Previd\u00eancia Social, planos de demiss\u00e3o volunt\u00e1ria, planos de demiss\u00e3o incentivada, benef\u00edcios e aposentadorias<br>&#8211; Elabora\u00e7\u00e3o de defesas\/recursos Administrativos ou Judiciais e acompanhamento Processual;<\/p>\n","protected":false},"excerpt":{"rendered":"<p>CONSULTORIA TRIBUT\u00c1RIA &#8211; Ap\u00f3s um diagn\u00f3stico tribut\u00e1rio e entendimento das [&hellip;]<\/p>\n","protected":false},"author":1,"featured_media":0,"parent":0,"menu_order":0,"comment_status":"closed","ping_status":"closed","template":"","meta":{"jetpack_post_was_ever_published":false,"footnotes":""},"jetpack_sharing_enabled":true,"jetpack_shortlink":"https:\/\/wp.me\/PaFpWR-2a","_links":{"self":[{"href":"https:\/\/bonettiassociados.com.br\/index.php\/wp-json\/wp\/v2\/pages\/134"}],"collection":[{"href":"https:\/\/bonettiassociados.com.br\/index.php\/wp-json\/wp\/v2\/pages"}],"about":[{"href":"https:\/\/bonettiassociados.com.br\/index.php\/wp-json\/wp\/v2\/types\/page"}],"author":[{"embeddable":true,"href":"https:\/\/bonettiassociados.com.br\/index.php\/wp-json\/wp\/v2\/users\/1"}],"replies":[{"embeddable":true,"href":"https:\/\/bonettiassociados.com.br\/index.php\/wp-json\/wp\/v2\/comments?post=134"}],"version-history":[{"count":0,"href":"https:\/\/bonettiassociados.com.br\/index.php\/wp-json\/wp\/v2\/pages\/134\/revisions"}],"wp:attachment":[{"href":"https:\/\/bonettiassociados.com.br\/index.php\/wp-json\/wp\/v2\/media?parent=134"}],"curies":[{"name":"wp","href":"https:\/\/api.w.org\/{rel}","templated":true}]}}